{"id":837,"date":"2018-11-16T12:14:42","date_gmt":"2018-11-16T11:14:42","guid":{"rendered":"https:\/\/boldlab.qodeinteractive.com\/?page_id=837"},"modified":"2024-01-09T10:58:49","modified_gmt":"2024-01-09T09:58:49","slug":"about-us","status":"publish","type":"page","link":"http:\/\/mediatica.net\/index.php\/about-us\/","title":{"rendered":""},"content":{"rendered":"<p>[vc_row row_content_width=&#8221;grid&#8221; content_text_alignment=&#8221;center&#8221; css=&#8221;.vc_custom_1542799756460{padding-top: 88px !important;padding-bottom: 94px !important;}&#8221;][vc_column offset=&#8221;vc_col-lg-offset-1 vc_col-lg-10&#8243; css=&#8221;.vc_custom_1576172434289{margin-top: -80px !important;margin-bottom: -100px !important;padding-top: 0px !important;padding-bottom: 0px !important;}&#8221; column_responsive_padding_1024=&#8221;2px 15px&#8221; column_responsive_padding_768=&#8221;2px 15px&#8221; column_responsive_padding_680=&#8221;4px 15px&#8221;]<h1 class=\"qodef-shortcode qodef-m  qodef-highlight \" >\n\t\t\t<span class=\"qodef-highlight-text\">Des de 1998.<br \/>\nM\u00e9s de 25 anys d'experi\u00e8ncia...<\/span>\t<\/h1>[\/vc_column][\/vc_row][vc_row row_content_width=&#8221;grid&#8221; content_text_alignment=&#8221;center&#8221; css=&#8221;.vc_custom_1542799756460{padding-top: 88px !important;padding-bottom: 94px !important;}&#8221;][vc_column offset=&#8221;vc_col-lg-offset-1 vc_col-lg-10&#8243; css=&#8221;.vc_custom_1576172434289{margin-top: -80px !important;margin-bottom: -100px !important;padding-top: 0px !important;padding-bottom: 0px !important;}&#8221; column_responsive_padding_1024=&#8221;2px 15px&#8221; column_responsive_padding_768=&#8221;2px 15px&#8221; column_responsive_padding_680=&#8221;4px 15px&#8221;]<h6 class=\"qodef-shortcode qodef-m  qodef-highlight \" style=\"color: #000000\">\n\t\t\t<span class=\"qodef-highlight-text\" data-highlight=\"#ffffff\" style=\"color: #828282\">MEDIATICA va n\u00e9ixer l'any 1998, de la m\u00e0 del periodista i publicista Marcel Aragon\u00e8s. Des de llavors hem treballat amb centenars de clients oferint-los tota la nostra experi\u00e8ncia i creativitat. Des d'aut\u00f2noms i petites empreses fins a grans multinacionals passant per tot tipus de comer\u00e7os, restaurants, entitats, institucions i administracions.<\/p>\n<p>Som un equip de professionals especialitzats en comunicaci\u00f3, disseny gr\u00e0fic, impressi\u00f3, marketing, Internet, xarxes socials, etc. Contacta'ns i parlem de les teves necessitats, segur que ens entendrem!<\/span>\t<\/h6>[\/vc_column][\/vc_row][vc_row row_content_width=&#8221;grid&#8221; css=&#8221;.vc_custom_1542987559852{padding-top: 113px !important;padding-bottom: 85px !important;}&#8221;][vc_column css=&#8221;.vc_custom_1542988504222{padding-top: 0px !important;padding-bottom: 0px !important;}&#8221; offset=&#8221;vc_col-lg-4 vc_col-md-4&#8243; column_responsive_padding_768=&#8221;2px 15px 61px 15px&#8221; column_responsive_padding_680=&#8221;4px 15px 61px 15px&#8221; column_responsive_padding_1024=&#8221;2px 15px 0px&#8221;]<div class=\"qodef-shortcode qodef-m  qodef-section-title qodef-alignment--left \">\n\t\t<h1 class=\"qodef-m-title\" >\n\t\t\t\t\tServeis_\t\t\t<\/h1>\n\t<\/div>[\/vc_column][vc_column width=&#8221;1\/2&#8243; css=&#8221;.vc_custom_1543393778171{padding-top: 12px !important;}&#8221; offset=&#8221;vc_col-lg-4 vc_col-md-4&#8243; column_responsive_padding_680=&#8221;0 15px&#8221; column_responsive_padding_768=&#8221;0 15px&#8221;]<div class=\"qodef-shortcode qodef-m  qodef-info-section qodef-layout--background-text  qodef--with-animation qodef-background-text-pos--top-left\" >\n\t<div class=\"qodef-m-background-text\">\n\t\t\t<\/div>\n\t<div class=\"qodef-m-info\">\n\t\t\t<h4 class=\"qodef-m-title\" >\n\t\tCREATIVITAT\t<\/h4>\n\t\t    <p class=\"qodef-m-text\" >Direcci\u00f3 d&#039;Art i disseny gr\u00e0fic. Especialistes en imatge i missatge.<\/p>\n\t\t\t<\/div>\n<\/div>[vc_empty_space height=&#8221;38px&#8221;]<div class=\"qodef-shortcode qodef-m  qodef-info-section qodef-layout--background-text  qodef--with-animation qodef-background-text-pos--top-left\" data-delay=\"200\">\n\t<div class=\"qodef-m-background-text\">\n\t\t\t<\/div>\n\t<div class=\"qodef-m-info\">\n\t\t\t<h4 class=\"qodef-m-title\" >\n\t\tPUBLICITAT<br \/>\t<\/h4>\n\t\t    <p class=\"qodef-m-text\" >Dissenyem i creem anuncis i campanyes publicit\u00e0ries a mida.<\/p>\n\t\t\t<\/div>\n<\/div>[vc_empty_space height=&#8221;38px&#8221;]<div class=\"qodef-shortcode qodef-m  qodef-info-section qodef-layout--background-text  qodef--with-animation qodef-background-text-pos--top-left\" data-delay=\"400\">\n\t<div class=\"qodef-m-background-text\">\n\t\t\t<\/div>\n\t<div class=\"qodef-m-info\">\n\t\t\t<h4 class=\"qodef-m-title\" >\n\t\tEDITORIAL\t<\/h4>\n\t\t    <p class=\"qodef-m-text\" >Dissenyem, maquetem, redactem i imprimim tot tipus de publicacions.<\/p>\n\t\t\t<\/div>\n<\/div>[vc_empty_space height=&#8221;38px&#8221;]<div class=\"qodef-shortcode qodef-m  qodef-info-section qodef-layout--background-text  qodef--with-animation qodef-background-text-pos--top-left\" data-delay=\"400\">\n\t<div class=\"qodef-m-background-text\">\n\t\t\t<\/div>\n\t<div class=\"qodef-m-info\">\n\t\t\t<h4 class=\"qodef-m-title\" >\n\t\tGRAN FORMAT<br \/>\t<\/h4>\n\t\t    <p class=\"qodef-m-text\" >Produ\u00efm i instal\u00b7lem tanques publicit\u00e0ries, lones, opis, r\u00e8tols, ...<\/p>\n\t\t\t<\/div>\n<\/div>[\/vc_column][vc_column width=&#8221;1\/2&#8243; css=&#8221;.vc_custom_1543393790764{padding-top: 12px !important;}&#8221; offset=&#8221;vc_col-lg-4 vc_col-md-4&#8243; column_responsive_padding_680=&#8221;0 15px&#8221; column_responsive_padding_768=&#8221;0 15px&#8221;]<div class=\"qodef-shortcode qodef-m  qodef-info-section qodef-layout--background-text  qodef--with-animation qodef-background-text-pos--top-left\" data-delay=\"100\">\n\t<div class=\"qodef-m-background-text\">\n\t\t\t<\/div>\n\t<div class=\"qodef-m-info\">\n\t\t\t<h4 class=\"qodef-m-title\" >\n\t\tCOMUNICACI\u00d3<br \/>\t<\/h4>\n\t\t    <p class=\"qodef-m-text\" >T&#039;ajudem a definir qu\u00e8, com, quan i on t&#039;has de comunicar.<\/p>\n\t\t\t<\/div>\n<\/div>[vc_empty_space height=&#8221;38px&#8221;]<div class=\"qodef-shortcode qodef-m  qodef-info-section qodef-layout--background-text  qodef--with-animation qodef-background-text-pos--top-left\" data-delay=\"300\">\n\t<div class=\"qodef-m-background-text\">\n\t\t\t<\/div>\n\t<div class=\"qodef-m-info\">\n\t\t\t<h4 class=\"qodef-m-title\" >\n\t\tIMPRESSI\u00d3<br \/>\t<\/h4>\n\t\t    <p class=\"qodef-m-text\" >Oferim solucions integrals d&#039;impressi\u00f3, des de la idea inicial fins el producte final.<\/p>\n\t\t\t<\/div>\n<\/div>[vc_empty_space height=&#8221;38px&#8221;]<div class=\"qodef-shortcode qodef-m  qodef-info-section qodef-layout--background-text  qodef--with-animation qodef-background-text-pos--top-left\" data-delay=\"500\">\n\t<div class=\"qodef-m-background-text\">\n\t\t\t<\/div>\n\t<div class=\"qodef-m-info\">\n\t\t\t<h4 class=\"qodef-m-title\" >\n\t\tDIGITAL\t<\/h4>\n\t\t    <p class=\"qodef-m-text\" >T&#039;oferim tot el necessari per destacar a Internet i a les xarxes socials.<\/p>\n\t\t\t<\/div>\n<\/div>[vc_empty_space height=&#8221;38px&#8221;]<div class=\"qodef-shortcode qodef-m  qodef-info-section qodef-layout--background-text  qodef--with-animation qodef-background-text-pos--top-left\" data-delay=\"500\">\n\t<div class=\"qodef-m-background-text\">\n\t\t\t<\/div>\n\t<div class=\"qodef-m-info\">\n\t\t\t<h4 class=\"qodef-m-title\" >\n\t\tMARKETING TUR\u00cdSTIC<br \/>\t<\/h4>\n\t\t    <p class=\"qodef-m-text\" >Promoci\u00f3 i marketing de destins i establiments tur\u00edstics.<\/p>\n\t\t\t<\/div>\n<\/div>[\/vc_column][vc_column][\/vc_column][\/vc_row][vc_row css=&#8221;.vc_custom_1543835512900{background-color: #f5f5f5 !important;}&#8221;][vc_column css=&#8221;.vc_custom_1542372109404{padding-top: 0px !important;}&#8221;][vc_row_inner row_content_width=&#8221;grid&#8221;][vc_column_inner css=&#8221;.vc_custom_1576243386211{padding-top: 50px !important;padding-bottom: 130px !important;}&#8221; column_responsive_padding_1024=&#8221;122px 15px 125px&#8221; column_responsive_padding_768=&#8221;122px 15px 125px&#8221; column_responsive_padding_680=&#8221;122px 15px 130px&#8221;]<div class=\"qodef-shortcode qodef-m  qodef-call-to-action qodef-layout--standard qodef-style--stretched\">\n\t<div class=\"qodef-m-inner\">\n\t\t\t<div class=\"qodef-m-content\">\n<h3>Treballem junts? Contacta amb nosaltres!<\/h3>\n<\/div>\n\t\t\t<div class=\"qodef-m-button\">\n\t\t<a class=\"qodef-shortcode qodef-m  qodef-button qodef-layout--filled \" href=\"http:\/\/mediatica.net\/index.php\/contact-us\/\" target=\"_self\" data-hover-color=\"#000000\" data-hover-background-color=\"rgba(255,255,255,0.01)\" data-hover-border-color=\"#000000\" >\t<span class=\"qodef-m-text\">PARLEM!<\/span><\/a>\t<\/div>\n\t<\/div>\n<\/div>[\/vc_column_inner][\/vc_row_inner][\/vc_column][\/vc_row]<\/p>\n","protected":false},"excerpt":{"rendered":"<p>[vc_row row_content_width=&#8221;grid&#8221; content_text_alignment=&#8221;center&#8221; css=&#8221;.vc_custom_1542799756460{padding-top: 88px !important;padding-bottom: 94px !important;}&#8221;][vc_column offset=&#8221;vc_col-lg-offset-1 vc_col-lg-10&#8243; css=&#8221;.vc_custom_1576172434289{margin-top: -80px !important;margin-bottom: -100px !important;padding-top: 0px !important;padding-bottom: 0px !important;}&#8221; column_responsive_padding_1024=&#8221;2px 15px&#8221; column_responsive_padding_768=&#8221;2px 15px&#8221; column_responsive_padding_680=&#8221;4px 15px&#8221;][\/vc_column][\/vc_row][vc_row row_content_width=&#8221;grid&#8221; content_text_alignment=&#8221;center&#8221; css=&#8221;.vc_custom_1542799756460{padding-top: 88px !important;padding-bottom: 94px !important;}&#8221;][vc_column offset=&#8221;vc_col-lg-offset-1 vc_col-lg-10&#8243; css=&#8221;.vc_custom_1576172434289{margin-top: -80px !important;margin-bottom: -100px !important;padding-top: 0px !important;padding-bottom: 0px !important;}&#8221; column_responsive_padding_1024=&#8221;2px 15px&#8221; column_responsive_padding_768=&#8221;2px 15px&#8221; column_responsive_padding_680=&#8221;4px 15px&#8221;][\/vc_column][\/vc_row][vc_row row_content_width=&#8221;grid&#8221; css=&#8221;.vc_custom_1542987559852{padding-top: 113px !important;padding-bottom: 85px !important;}&#8221;][vc_column [&hellip;]<\/p>\n","protected":false},"author":1,"featured_media":0,"parent":0,"menu_order":0,"comment_status":"closed","ping_status":"closed","template":"page-full-width.php","meta":[],"_links":{"self":[{"href":"http:\/\/mediatica.net\/index.php\/wp-json\/wp\/v2\/pages\/837"}],"collection":[{"href":"http:\/\/mediatica.net\/index.php\/wp-json\/wp\/v2\/pages"}],"about":[{"href":"http:\/\/mediatica.net\/index.php\/wp-json\/wp\/v2\/types\/page"}],"author":[{"embeddable":true,"href":"http:\/\/mediatica.net\/index.php\/wp-json\/wp\/v2\/users\/1"}],"replies":[{"embeddable":true,"href":"http:\/\/mediatica.net\/index.php\/wp-json\/wp\/v2\/comments?post=837"}],"version-history":[{"count":131,"href":"http:\/\/mediatica.net\/index.php\/wp-json\/wp\/v2\/pages\/837\/revisions"}],"predecessor-version":[{"id":4420,"href":"http:\/\/mediatica.net\/index.php\/wp-json\/wp\/v2\/pages\/837\/revisions\/4420"}],"wp:attachment":[{"href":"http:\/\/mediatica.net\/index.php\/wp-json\/wp\/v2\/media?parent=837"}],"curies":[{"name":"wp","href":"https:\/\/api.w.org\/{rel}","templated":true}]}}