{"id":1683,"date":"2018-11-21T14:54:05","date_gmt":"2018-11-21T14:54:05","guid":{"rendered":"https:\/\/boldlab.qodeinteractive.com\/?page_id=1683"},"modified":"2020-02-03T19:39:21","modified_gmt":"2020-02-03T18:39:21","slug":"serveis","status":"publish","type":"page","link":"http:\/\/mediatica.net\/index.php\/elements\/serveis\/","title":{"rendered":"Serveis"},"content":{"rendered":"<p>[vc_row row_content_width=&#8221;grid&#8221; css=&#8221;.vc_custom_1580753972129{padding-top: 100px !important;padding-bottom: 123px !important;}&#8221;][vc_column width=&#8221;1\/2&#8243; offset=&#8221;vc_col-lg-4 vc_col-md-6&#8243; css=&#8221;.vc_custom_1543500254263{padding-bottom: 118px !important;}&#8221;]<div class=\"qodef-shortcode qodef-m  qodef-info-section qodef-layout--background-text   qodef-background-text-pos--top-left\" >\n\t<div class=\"qodef-m-background-text\">\n\t\t\t<span class=\"qodef-m-background-text-text\"  >01<\/span>\n\t<\/div>\n\t<div class=\"qodef-m-info\">\n\t\t\t<h4 class=\"qodef-m-title\" style=\"color: #f28a21\">\n\t\tIMATGE CORPORATIVA\t<\/h4>\n\t\t    <p class=\"qodef-m-text\" style=\"color: #000000\">Som especialistes en imatge corporativa i branding. Creem la millor imatge per a empreses, entitats i institucions.<\/p>\n\t\t\t<\/div>\n<\/div>[\/vc_column][vc_column width=&#8221;1\/2&#8243; offset=&#8221;vc_col-lg-4 vc_col-md-6&#8243; css=&#8221;.vc_custom_1543500261830{padding-bottom: 118px !important;}&#8221;]<div class=\"qodef-shortcode qodef-m  qodef-info-section qodef-layout--background-text   qodef-background-text-pos--top-left\" >\n\t<div class=\"qodef-m-background-text\">\n\t\t\t<span class=\"qodef-m-background-text-text\"  >02<\/span>\n\t<\/div>\n\t<div class=\"qodef-m-info\">\n\t\t\t<h4 class=\"qodef-m-title\" style=\"color: #f28a21\">\n\t\tDISSENY GR\u00c0FIC\t<\/h4>\n\t\t    <p class=\"qodef-m-text\" style=\"color: #000000\">Des d&#039;un logo o una targeta de visita fins a una revista, un llibre o el que necessitis. Cat\u00e0legs, flyers i tot tipus de fulletons.<\/p>\n\t\t\t<\/div>\n<\/div>[\/vc_column][vc_column width=&#8221;1\/2&#8243; offset=&#8221;vc_col-lg-4 vc_col-md-6&#8243; css=&#8221;.vc_custom_1543500270211{padding-bottom: 118px !important;}&#8221;]<div class=\"qodef-shortcode qodef-m  qodef-info-section qodef-layout--background-text   qodef-background-text-pos--top-left\" >\n\t<div class=\"qodef-m-background-text\">\n\t\t\t<span class=\"qodef-m-background-text-text\"  >03<\/span>\n\t<\/div>\n\t<div class=\"qodef-m-info\">\n\t\t\t<h4 class=\"qodef-m-title\" style=\"color: #f28a21\">\n\t\tCAMPANYES DE PUBLICITAT<br \/>\t<\/h4>\n\t\t    <p class=\"qodef-m-text\" style=\"color: #000000\">Dissenyem i creem anuncis i campanyes publicit\u00e0ries a mida i en gestionem les insercions als mitjans, premsa, r\u00e0dio, tv, online, ...<\/p>\n\t\t\t<\/div>\n<\/div>[\/vc_column][vc_column width=&#8221;1\/2&#8243; offset=&#8221;vc_col-lg-4 vc_col-md-6&#8243; css=&#8221;.vc_custom_1543500284582{padding-bottom: 0px !important;}&#8221; column_responsive_padding_1024=&#8221;0px 15px 118px&#8221; column_responsive_padding_768=&#8221;0px 15px 118px&#8221; column_responsive_padding_680=&#8221;0px 15px 118px&#8221;]<div class=\"qodef-shortcode qodef-m  qodef-info-section qodef-layout--background-text   qodef-background-text-pos--top-left\" >\n\t<div class=\"qodef-m-background-text\">\n\t\t\t<span class=\"qodef-m-background-text-text\"  >04<\/span>\n\t<\/div>\n\t<div class=\"qodef-m-info\">\n\t\t\t<h4 class=\"qodef-m-title\" style=\"color: #f28a21\">\n\t\tPLANS DE COMUNICACI\u00d3<br \/>\t<\/h4>\n\t\t    <p class=\"qodef-m-text\" style=\"color: #000000\">T&#039;ajudem a definir qu\u00e8, com, quan i on t&#039;has de comunicar amb el teu p\u00fablic i els teus clients, actuals i potencials.<\/p>\n\t\t\t<\/div>\n<\/div>[\/vc_column][vc_column width=&#8221;1\/2&#8243; offset=&#8221;vc_col-lg-4 vc_col-md-6&#8243; css=&#8221;.vc_custom_1543500290848{padding-bottom: 0px !important;}&#8221; column_responsive_padding_680=&#8221;0px 15px 118px&#8221;]<div class=\"qodef-shortcode qodef-m  qodef-info-section qodef-layout--background-text   qodef-background-text-pos--top-left\" >\n\t<div class=\"qodef-m-background-text\">\n\t\t\t<span class=\"qodef-m-background-text-text\"  >05<\/span>\n\t<\/div>\n\t<div class=\"qodef-m-info\">\n\t\t\t<h4 class=\"qodef-m-title\" style=\"color: #f28a21\">\n\t\tDIGITAL\t<\/h4>\n\t\t    <p class=\"qodef-m-text\" style=\"color: #000000\">Disseny i programaci\u00f3 web, botigues online, SEO, campanyes de marketing, Adwords, xarxes socials... T&#039;oferim tot el necessari per destacar a Internet.<\/p>\n\t\t\t<\/div>\n<\/div>[\/vc_column][vc_column width=&#8221;1\/2&#8243; offset=&#8221;vc_col-lg-4 vc_col-md-6&#8243;]<div class=\"qodef-shortcode qodef-m  qodef-info-section qodef-layout--background-text   qodef-background-text-pos--top-left\" >\n\t<div class=\"qodef-m-background-text\">\n\t\t\t<span class=\"qodef-m-background-text-text\"  >06<\/span>\n\t<\/div>\n\t<div class=\"qodef-m-info\">\n\t\t\t<h4 class=\"qodef-m-title\" style=\"color: #f28a21\">\n\t\tGRAN FORMAT\t<\/h4>\n\t\t    <p class=\"qodef-m-text\" style=\"color: #000000\">Tanques publicit\u00e0ries, lones, opis, ... Instal\u00b7lacio i producci\u00f3 de r\u00e8tols comercials. Dissenyem i produ\u00efm el suport que necessitis i tan gran com vulguis.<\/p>\n\t\t\t<\/div>\n<\/div>[\/vc_column][\/vc_row][vc_row row_content_width=&#8221;grid&#8221; css=&#8221;.vc_custom_1580754908382{padding-top: 0px !important;padding-bottom: 0px !important;}&#8221;][vc_column width=&#8221;1\/2&#8243; offset=&#8221;vc_col-lg-4 vc_col-md-6&#8243; css=&#8221;.vc_custom_1543500254263{padding-bottom: 118px !important;}&#8221;]<div class=\"qodef-shortcode qodef-m  qodef-info-section qodef-layout--background-text   qodef-background-text-pos--top-left\" >\n\t<div class=\"qodef-m-background-text\">\n\t\t\t<span class=\"qodef-m-background-text-text\"  >07<\/span>\n\t<\/div>\n\t<div class=\"qodef-m-info\">\n\t\t\t<h4 class=\"qodef-m-title\" style=\"color: #f28a21\">\n\t\tIMPRESSI\u00d3\t<\/h4>\n\t\t    <p class=\"qodef-m-text\" style=\"color: #000000\">Oferim solucions integrals d&#039;impressi\u00f3, des de la idea inicial fins el producte final. Offset, digital i rotativa, imprimim sobre qualsevol suport.<\/p>\n\t\t\t<\/div>\n<\/div>[\/vc_column][vc_column width=&#8221;1\/2&#8243; offset=&#8221;vc_col-lg-4 vc_col-md-6&#8243; css=&#8221;.vc_custom_1543500261830{padding-bottom: 118px !important;}&#8221;]<div class=\"qodef-shortcode qodef-m  qodef-info-section qodef-layout--background-text   qodef-background-text-pos--top-left\" >\n\t<div class=\"qodef-m-background-text\">\n\t\t\t<span class=\"qodef-m-background-text-text\"  >08<\/span>\n\t<\/div>\n\t<div class=\"qodef-m-info\">\n\t\t\t<h4 class=\"qodef-m-title\" style=\"color: #f28a21\">\n\t\tEDITORIAL\t<\/h4>\n\t\t    <p class=\"qodef-m-text\" style=\"color: #000000\">Editem publicacions pr\u00f2pies i per a tercers. Des de la concepci\u00f3 i disseny fins la maquetaci\u00f3, redacci\u00f3 i revisi\u00f3 de textos, fotografia i infografia i impressi\u00f3.<\/p>\n\t\t\t<\/div>\n<\/div>[\/vc_column][vc_column width=&#8221;1\/2&#8243; offset=&#8221;vc_col-lg-4 vc_col-md-6&#8243; css=&#8221;.vc_custom_1543500270211{padding-bottom: 118px !important;}&#8221;]<div class=\"qodef-shortcode qodef-m  qodef-info-section qodef-layout--background-text   qodef-background-text-pos--top-left\" >\n\t<div class=\"qodef-m-background-text\">\n\t\t\t<span class=\"qodef-m-background-text-text\"  >09<\/span>\n\t<\/div>\n\t<div class=\"qodef-m-info\">\n\t\t\t<h4 class=\"qodef-m-title\" style=\"color: #f28a21\">\n\t\tMARKETING TUR\u00cdSTIC\t<\/h4>\n\t\t    <p class=\"qodef-m-text\" style=\"color: #000000\">Promoci\u00f3, marketing i accions de comunicaci\u00f3 i vendes especialitzades en destins i establiments tur\u00edstics.<\/p>\n\t\t\t<\/div>\n<\/div>[\/vc_column][\/vc_row]<\/p>\n","protected":false},"excerpt":{"rendered":"<p>[vc_row row_content_width=&#8221;grid&#8221; css=&#8221;.vc_custom_1580753972129{padding-top: 100px !important;padding-bottom: 123px !important;}&#8221;][vc_column width=&#8221;1\/2&#8243; offset=&#8221;vc_col-lg-4 vc_col-md-6&#8243; css=&#8221;.vc_custom_1543500254263{padding-bottom: 118px !important;}&#8221;][\/vc_column][vc_column width=&#8221;1\/2&#8243; offset=&#8221;vc_col-lg-4 vc_col-md-6&#8243; css=&#8221;.vc_custom_1543500261830{padding-bottom: 118px !important;}&#8221;][\/vc_column][vc_column width=&#8221;1\/2&#8243; offset=&#8221;vc_col-lg-4 vc_col-md-6&#8243; css=&#8221;.vc_custom_1543500270211{padding-bottom: 118px !important;}&#8221;][\/vc_column][vc_column width=&#8221;1\/2&#8243; offset=&#8221;vc_col-lg-4 vc_col-md-6&#8243; css=&#8221;.vc_custom_1543500284582{padding-bottom: 0px !important;}&#8221; column_responsive_padding_1024=&#8221;0px 15px 118px&#8221; column_responsive_padding_768=&#8221;0px 15px 118px&#8221; column_responsive_padding_680=&#8221;0px 15px 118px&#8221;][\/vc_column][vc_column width=&#8221;1\/2&#8243; offset=&#8221;vc_col-lg-4 vc_col-md-6&#8243; css=&#8221;.vc_custom_1543500290848{padding-bottom: 0px !important;}&#8221; column_responsive_padding_680=&#8221;0px 15px 118px&#8221;][\/vc_column][vc_column width=&#8221;1\/2&#8243; offset=&#8221;vc_col-lg-4 vc_col-md-6&#8243;][\/vc_column][\/vc_row][vc_row row_content_width=&#8221;grid&#8221; css=&#8221;.vc_custom_1580754908382{padding-top: 0px [&hellip;]<\/p>\n","protected":false},"author":1,"featured_media":0,"parent":12,"menu_order":0,"comment_status":"closed","ping_status":"closed","template":"page-full-width.php","meta":[],"_links":{"self":[{"href":"http:\/\/mediatica.net\/index.php\/wp-json\/wp\/v2\/pages\/1683"}],"collection":[{"href":"http:\/\/mediatica.net\/index.php\/wp-json\/wp\/v2\/pages"}],"about":[{"href":"http:\/\/mediatica.net\/index.php\/wp-json\/wp\/v2\/types\/page"}],"author":[{"embeddable":true,"href":"http:\/\/mediatica.net\/index.php\/wp-json\/wp\/v2\/users\/1"}],"replies":[{"embeddable":true,"href":"http:\/\/mediatica.net\/index.php\/wp-json\/wp\/v2\/comments?post=1683"}],"version-history":[{"count":24,"href":"http:\/\/mediatica.net\/index.php\/wp-json\/wp\/v2\/pages\/1683\/revisions"}],"predecessor-version":[{"id":4297,"href":"http:\/\/mediatica.net\/index.php\/wp-json\/wp\/v2\/pages\/1683\/revisions\/4297"}],"up":[{"embeddable":true,"href":"http:\/\/mediatica.net\/index.php\/wp-json\/wp\/v2\/pages\/12"}],"wp:attachment":[{"href":"http:\/\/mediatica.net\/index.php\/wp-json\/wp\/v2\/media?parent=1683"}],"curies":[{"name":"wp","href":"https:\/\/api.w.org\/{rel}","templated":true}]}}